{"id":10,"date":"2022-06-23T19:25:44","date_gmt":"2022-06-23T19:25:44","guid":{"rendered":"http:\/\/abccomics.com.br\/?page_id=10"},"modified":"2022-06-24T02:59:23","modified_gmt":"2022-06-24T02:59:23","slug":"quem-somos","status":"publish","type":"page","link":"https:\/\/abccomics.com.br\/?page_id=10","title":{"rendered":"Quem Somos"},"content":{"rendered":"\n<p class=\"has-text-align-center\"><strong>O Grupo Eclipse<\/strong><\/p>\n\n\n\n<p class=\"has-text-align-center\">Nosso grupo \u00e9 Formado por f\u00e3s que se destacam cada um em uma atividade especifica,&nbsp;ou seja&nbsp;RPG, desenhistas, roteiristas, f\u00e3s, entusiastas, ou seja, pessoas que querem manter viva e ampliar a sua cultura POP pelo ABC e regi\u00e3o,&nbsp;&nbsp;como forma de divulgar novidades, outrora resgatar momentos hist\u00f3ricos para mostr\u00e1-los aos que ainda n\u00e3o conhecem.O grupo eclipse produz&nbsp;fanzines, a maioria no estilo&nbsp;mang\u00e1&nbsp;com tem\u00e1tica adulta estilo&nbsp;Vertigo, h\u00e1 tamb\u00e9m t\u00edtulos C\u00f4micos como: \u201cBaratas do Futuro\u201d, \u201cPedreiro Escarlate\u201d e \u201cO Frankeinstein Bonito\u201d.<\/p>\n\n\n\n<p class=\"has-text-align-center\"><strong>Nossa Miss\u00e3o<\/strong><\/p>\n\n\n\n<p class=\"has-text-align-center\">Nossa miss\u00e3o \u00e9 a de divulgar&nbsp;fanzines, quadrinhos, roteiros e desenhos na Regi\u00e3o do Grande ABC e todo o Territ\u00f3rio Nacional, batalhando tamb\u00e9m seu espa\u00e7o profissional.Com foco nesse objetivo o Grupo Eclipse est\u00e1 reunido sempre disposto a promover este e outros futuros eventos.<\/p>\n\n\n\n<p class=\"has-text-align-center\"><strong>Breve Hist\u00f3rico<\/strong><\/p>\n\n\n\n<p class=\"has-text-align-center\">O Grupo Eclipse Quadrinhos surgiu em 2002 com objetivo de reunir&nbsp;fanzineiros&nbsp;e f\u00e3s de hist\u00f3rias em quadrinhos em um \u00fanico lugar. A realiza\u00e7\u00e3o deste encontro trouxe para o grupo uma oportunidade de reunir em um mesmo espa\u00e7o v\u00e1rias atividades como: RPG, palestras&nbsp;sobre hist\u00f3rias em quadrinhos e exibi\u00e7\u00e3o de v\u00eddeos, dando assim origem ao 1\u00ba ABC&nbsp;Comics&nbsp;no ano de 2002.<\/p>\n\n\n\n<p class=\"has-text-align-center\">A Aceita\u00e7\u00e3o do p\u00fablico foi positiva, o que nos incentivou a continuar planejando assim o 2\u00ba ABC&nbsp;Comics&nbsp;para o ano de 2003.<\/p>\n\n\n\n<p class=\"has-text-align-center\">Com a entrada de novos membros o ABC&nbsp;Comics&nbsp;ganha mais for\u00e7a e agrega&nbsp;2&nbsp;novidades, a introdu\u00e7\u00e3o do&nbsp;Animek\u00ea&nbsp;(um karaok\u00ea com can\u00e7\u00f5es tema das suas s\u00e9ries e desenhos favoritos) e do concurso de&nbsp;Cosplay&nbsp;(Concurso de fantasias onde os participantes vestem uma fantasia de seu her\u00f3i favorito).<\/p>\n\n\n\n<p class=\"has-text-align-center\">Com a crescente Aceita\u00e7\u00e3o de P\u00fablico Planejamos ent\u00e3o o 3\u00ba ABC&nbsp;Comics&nbsp;em 2004.<\/p>\n\n\n\n<p class=\"has-text-align-center\">O Crescimento de p\u00fablico que visitou nosso evento cresceu e neste ano o evento foi sediado em um local maior. Foi tamb\u00e9m incrementado com novas atividades, dentre elas: a presen\u00e7a da Banda&nbsp;Zirow&nbsp;interpretando as can\u00e7\u00f5es de desenhos e s\u00e9ries japonesas, workshop de dublagem que deu oportunidade para alguns f\u00e3s presentes dublarem alguns trechos de desenhos animados; A presen\u00e7a de dois palestrantes; O Cartunista Marcio&nbsp;Baraldi&nbsp;e o&nbsp;Dublador&nbsp;Gilberto&nbsp;Baroli.<\/p>\n\n\n\n<p class=\"has-text-align-center\">J\u00e1 no ano de 2005 foi planejado a 4\u00ba ABC&nbsp;Comics&nbsp;que contou tamb\u00e9m com a presen\u00e7a do&nbsp;dublador&nbsp;Nelson Machado, este que participou de um bate papo descontra\u00eddo em companhia dos&nbsp;dubladores&nbsp;Gilberto&nbsp;Baroli&nbsp;e Marli&nbsp;Bortoletto&nbsp;com o p\u00fablico presente, e demonstra\u00e7\u00e3o de seu livro Vers\u00e3o Brasileira que conta sobre a hist\u00f3ria da dublagem no Brasil. Este evento foi coberto pela emissora ABC&nbsp;3.<\/p>\n\n\n\n<p class=\"has-text-align-center\">No ano de 2006 abrimos espa\u00e7o a f\u00e3 clubes e cada um deles trouxe uma caracter\u00edstica especial na atividade que realizou. Dentre eles destacamos as salas tem\u00e1ticas dos Grupos Potter Sampa, &nbsp;Gibil\u00e2ndia, Comunidade 007 Brasil, Aliance Fandub, Akuma no Ki, &nbsp;o Grupo Gaijin Maru e \u00e9 Claro a Turma da Chespirito Brasil. Outra novidade que chamou aten\u00e7\u00e3o foi a presen\u00e7a de uma Lan House da Regi\u00e3o (A Gorilas), realizando torneios de de games em Rede com computadores. Tivemos tamb\u00e9m a Presen\u00e7a dessa vez de tr\u00eas bandas musicais, a Banga Chidori, Mugen Day e encerrando o evento Gaijin Sentai (Pela primeira vez no ABC).<\/p>\n\n\n\n<p class=\"has-text-align-center\">Foi um grande dia e uma grande conquista e esperamos nessa edi\u00e7\u00e3o agradar ainda mais todos que puderem estar presentes nesta festa maravilhosa.<\/p>\n","protected":false},"excerpt":{"rendered":"<p>O Grupo Eclipse Nosso grupo \u00e9 Formado por f\u00e3s que se destacam cada um em uma atividade especifica,&nbsp;ou seja&nbsp;RPG, desenhistas, roteiristas, f\u00e3s, entusiastas, ou seja, pessoas que querem manter viva e ampliar a sua cultura POP pelo ABC e regi\u00e3o,&nbsp;&nbsp;como forma de divulgar novidades, outrora resgatar momentos hist\u00f3ricos para mostr\u00e1-los aos que ainda n\u00e3o conhecem.O [&hellip;]<\/p>\n","protected":false},"author":1,"featured_media":0,"parent":0,"menu_order":0,"comment_status":"closed","ping_status":"closed","template":"","meta":[],"_links":{"self":[{"href":"https:\/\/abccomics.com.br\/index.php?rest_route=\/wp\/v2\/pages\/10"}],"collection":[{"href":"https:\/\/abccomics.com.br\/index.php?rest_route=\/wp\/v2\/pages"}],"about":[{"href":"https:\/\/abccomics.com.br\/index.php?rest_route=\/wp\/v2\/types\/page"}],"author":[{"embeddable":true,"href":"https:\/\/abccomics.com.br\/index.php?rest_route=\/wp\/v2\/users\/1"}],"replies":[{"embeddable":true,"href":"https:\/\/abccomics.com.br\/index.php?rest_route=%2Fwp%2Fv2%2Fcomments&post=10"}],"version-history":[{"count":3,"href":"https:\/\/abccomics.com.br\/index.php?rest_route=\/wp\/v2\/pages\/10\/revisions"}],"predecessor-version":[{"id":68,"href":"https:\/\/abccomics.com.br\/index.php?rest_route=\/wp\/v2\/pages\/10\/revisions\/68"}],"wp:attachment":[{"href":"https:\/\/abccomics.com.br\/index.php?rest_route=%2Fwp%2Fv2%2Fmedia&parent=10"}],"curies":[{"name":"wp","href":"https:\/\/api.w.org\/{rel}","templated":true}]}}