{"id":56,"date":"2022-06-24T02:19:03","date_gmt":"2022-06-24T02:19:03","guid":{"rendered":"http:\/\/abccomics.com.br\/?page_id=56"},"modified":"2022-06-24T21:19:08","modified_gmt":"2022-06-24T21:19:08","slug":"poadcast","status":"publish","type":"page","link":"https:\/\/abccomics.com.br\/?page_id=56","title":{"rendered":"YouTube &#038; Podcast"},"content":{"rendered":"\n<p>Veja tamb\u00e9m conte\u00fado criado relacionado: Onde o canal Cosmic Nerd (Thiago e Rodrigo) produz v\u00e1rios conte\u00fados sobre a cultura pop e entretenimento Geek, Nerd, Otaku semanalmente, al\u00e9m do Rodrigo produzir lives sobre games e RPG na Twitch.<\/p>\n\n\n\n<p><\/p>\n\n\n\n<figure class=\"wp-block-embed is-type-video is-provider-youtube wp-block-embed-youtube wp-embed-aspect-16-9 wp-has-aspect-ratio\"><div class=\"wp-block-embed__wrapper\">\n<iframe loading=\"lazy\"  id=\"_ytid_10929\"  width=\"800\" height=\"450\"  data-origwidth=\"800\" data-origheight=\"450\" src=\"https:\/\/www.youtube.com\/embed\/KoZXq2-Iegc?enablejsapi=1&#038;autoplay=0&#038;cc_load_policy=0&#038;iv_load_policy=1&#038;loop=0&#038;modestbranding=0&#038;fs=1&#038;playsinline=0&#038;controls=1&#038;color=red&#038;cc_lang_pref=&#038;rel=1&#038;autohide=2&#038;theme=dark&#038;\" class=\"__youtube_prefs__  epyt-is-override  no-lazyload\" title=\"YouTube player\"  allow=\"accelerometer; autoplay; clipboard-write; encrypted-media; gyroscope; picture-in-picture\" allowfullscreen data-no-lazy=\"1\" data-skipgform_ajax_framebjll=\"\"><\/iframe>\n<\/div><figcaption>Fala galera, nesse Cosmic vamos abordar Tudo Sobre Rambo, falando de toda a trajet\u00f3ria dele atrav\u00e9s de todos os 5 filmes e \u00e9 claro curiosidades, dubladores, brinquedos e bizarrices tamb\u00e9m, ent\u00e3o n\u00e3o perca tempo e bora para o v\u00eddeo!<br>N\u00e3o se esque\u00e7a de se INSCREVER no canal e ativar o SININHO &#x1f514;!<br>&#x1f914; Narra\u00e7\u00e3o: Thiago<br>&#x1f60e; Edi\u00e7\u00e3o: Rodrigo Ansem<br>&#x1f4cc; N\u00e3o deixem de conferir o curso Cineasta Indie: Produza agora um longa profissional, sem gastar praticamente nada! <a rel=\"noreferrer noopener\" href=\"https:\/\/www.youtube.com\/redirect?event=video_description&amp;redir_token=QUFFLUhqbnVFT3dyekdGWG4tdDlkWEtpMXR1UTYzUjJjZ3xBQ3Jtc0traW5rb1NCQk9ESjJPdGNNNjl2WjE5UU1HYk1uSk5NZDA1OXh6Q0VrVTI5QlFMM3ZjZjQyYktHeFN4aTlaOHQwUE9XNjBKZ0JEOGVkNkNERG1Ja1RBR2NmTV9hSnJWRmZhSDhxeEotdENheHl3cWdtVQ&amp;q=https%3A%2F%2Fgo.hotmart.com%2FT67187399R%3Fdp%3D1&amp;v=KoZXq2-Iegc\" target=\"_blank\">https:\/\/go.hotmart.com\/T67187399R?dp=1<\/a><br>&#x1f4cc; N\u00e3o deixem de conferir o Curso de Desenho M\u00e9todo Fanart 3.0: Descubra finalmente o m\u00e9todo para aprender a desenhar seus personagens favoritos. <a rel=\"noreferrer noopener\" href=\"https:\/\/www.youtube.com\/redirect?event=video_description&amp;redir_token=QUFFLUhqbFNFMUl2MlVwdVc4QUV6ckdGWFlMTHB5NzlEd3xBQ3Jtc0tuekFiU0VONHB0SEszTHlnNnlnNVZENHdfV1R0YUx5d1JlNzVPa2dfaEdKSGRWbGloWlFLajFudzc3TU9QazBuTVNla0J4R0lqdVZWSVRFdVlRb3FVdFhjTzRXTy1QMDRzV0ZOcVBmVVJTanNnYWRSUQ&amp;q=https%3A%2F%2Fgo.hotmart.com%2FQ67253787U%3Fap%3Dd879&amp;v=KoZXq2-Iegc\" target=\"_blank\">https:\/\/go.hotmart.com\/Q67253787U?ap=&#8230;<\/a><br>&#x1f4cc; N\u00e3o deixem de conferir o Projeto Falar Ingl\u00eas: Voc\u00ea pode ser mais um a alcan\u00e7ar a flu\u00eancia. <a rel=\"noreferrer noopener\" href=\"https:\/\/www.youtube.com\/redirect?event=video_description&amp;redir_token=QUFFLUhqbkp6dTR5aHZlbEFKSUxTOVJMaUNKTFltOXdNQXxBQ3Jtc0tuQjJndG1HQnBCc1lJM0lkNGhkYVI1ZDZ5TlBPSDFPZ2dLTlpGTERjOHE1NGduRnREcVhUdW1aNXcyZ0tDbWoyYjZndHRJSjd3MV9NLWNxQlpuTGVfSnBWdDFGVVRFTWxVUXVIMjY1dTRCS21yejNiOA&amp;q=https%3A%2F%2Fgo.hotmart.com%2FP67690574U%3Fdp%3D1&amp;v=KoZXq2-Iegc\" target=\"_blank\">https:\/\/go.hotmart.com\/P67690574U?dp=1<\/a><br>&#x2757; Todas as imagens e v\u00eddeos de filmes, s\u00e9ries e etc s\u00e3o marcas registradas dos seus respectivos propriet\u00e1rios.<\/figcaption><\/figure>\n\n\n\n<figure class=\"wp-block-embed is-type-video is-provider-youtube wp-block-embed-youtube wp-embed-aspect-16-9 wp-has-aspect-ratio\"><div class=\"wp-block-embed__wrapper\">\n<iframe loading=\"lazy\"  id=\"_ytid_51925\"  width=\"800\" height=\"450\"  data-origwidth=\"800\" data-origheight=\"450\" src=\"https:\/\/www.youtube.com\/embed\/U2norsf8Tao?enablejsapi=1&#038;autoplay=0&#038;cc_load_policy=0&#038;iv_load_policy=1&#038;loop=0&#038;modestbranding=0&#038;fs=1&#038;playsinline=0&#038;controls=1&#038;color=red&#038;cc_lang_pref=&#038;rel=1&#038;autohide=2&#038;theme=dark&#038;\" class=\"__youtube_prefs__  epyt-is-override  no-lazyload\" title=\"YouTube player\"  allow=\"accelerometer; autoplay; clipboard-write; encrypted-media; gyroscope; picture-in-picture\" allowfullscreen data-no-lazy=\"1\" data-skipgform_ajax_framebjll=\"\"><\/iframe>\n<\/div><figcaption>Fala galera, nesse Cosmic Nerd vamos falar tudo sobre o cl\u00e1ssico anime das &#8220;Pistolas Light Phaser&#8221; uma produ\u00e7\u00e3o da Sega juntamente com a Tatsunoko, com os nossas amados protagosnitas: JJ, Apple e Champ, o lend\u00e1rio anime Zillion, ent\u00e3o vamos lutar contra os invasores do planeta Maris.<br>N\u00e3o se esque\u00e7a de se INSCREVER no canal e ativar o SININHO &#x1f514;!<br>&#x1f914; Narra\u00e7\u00e3o: Thiago<br>&#x1f60e; Edi\u00e7\u00e3o: Rodrigo Ansem<br>&#x1f4cc; N\u00e3o deixem de conferir o curso Cineasta Indie: Produza agora um longa profissional, sem gastar praticamente nada! <a rel=\"noreferrer noopener\" href=\"https:\/\/www.youtube.com\/redirect?event=video_description&amp;redir_token=QUFFLUhqbTVkLTBBR0FabnVBQ25Td1RJNVVlT3J4Tldvd3xBQ3Jtc0ttQS1oWlBIdzE1dXVWZXhnTWtjT3pWZTR6Q2Q3ekJFTkpjcW9hS1lkT25mOERUMlk5NnMzOTdveEgxcC05REotaXR0MHYxSGZweDVKNGdEdWtqX1VEYXVsZm4zTW54NlFuYjEyTWJVeVBVd2VNU2xwdw&amp;q=https%3A%2F%2Fgo.hotmart.com%2FT67187399R%3Fdp%3D1&amp;v=U2norsf8Tao\" target=\"_blank\">https:\/\/go.hotmart.com\/T67187399R?dp=1<\/a><br>&#x1f4cc; N\u00e3o deixem de conferir o Curso de Desenho M\u00e9todo Fanart 3.0: Descubra finalmente o m\u00e9todo para aprender a desenhar seus personagens favoritos. <a rel=\"noreferrer noopener\" href=\"https:\/\/www.youtube.com\/redirect?event=video_description&amp;redir_token=QUFFLUhqbTBGVThFNC1oYzdVRV9qSF9Sb3VQTHNuTXJ3UXxBQ3Jtc0trNTRSaGswMGVCb0ZRRHZpVVE3Yi1MWlRqb3hGWTFQLTFrYVNaQ1ZscUhsYzM3S1Q1eGozbEk1TE43WWh6b0pQN0F5RTBxZTRVbnJIblJCUVljbHctNnlCaHRyOWVHZGdOczNVajhoWHJzS1dMQ1c3QQ&amp;q=https%3A%2F%2Fgo.hotmart.com%2FQ67253787U%3Fap%3Dd879&amp;v=U2norsf8Tao\" target=\"_blank\">https:\/\/go.hotmart.com\/Q67253787U?ap=&#8230;<\/a><br>&#x1f4cc; N\u00e3o deixem de conferir o Projeto Falar Ingl\u00eas: Voc\u00ea pode ser mais um a alcan\u00e7ar a flu\u00eancia. <a rel=\"noreferrer noopener\" href=\"https:\/\/www.youtube.com\/redirect?event=video_description&amp;redir_token=QUFFLUhqbmJVVU0xSHo0MWdKQ3ZjY1lZRkRHNXo0VXdPUXxBQ3Jtc0ttb2ZfODdzTG1sRGxBOURRY1JuX05oX05TblJIR1FFZnlzTGRpd25iMzZFVGJjZGpHbkFOZVpkMEo3U05GLU5fbjBseUhMbFdlZHFlbFFUNHVDVmJDakt6MkdfcldHMXlSRjVLWU5ncldVZjVSZ0dTbw&amp;q=https%3A%2F%2Fgo.hotmart.com%2FP67690574U%3Fdp%3D1&amp;v=U2norsf8Tao\" target=\"_blank\">https:\/\/go.hotmart.com\/P67690574U?dp=1<\/a><br>&#x2757; Todas as imagens e v\u00eddeos de filmes, s\u00e9ries e etc s\u00e3o marcas registradas dos seus respectivos propriet\u00e1rios.<\/figcaption><\/figure>\n\n\n\n<figure class=\"wp-block-embed is-type-video is-provider-youtube wp-block-embed-youtube wp-embed-aspect-16-9 wp-has-aspect-ratio\"><div class=\"wp-block-embed__wrapper\">\n<iframe loading=\"lazy\"  id=\"_ytid_90584\"  width=\"800\" height=\"450\"  data-origwidth=\"800\" data-origheight=\"450\" src=\"https:\/\/www.youtube.com\/embed\/zAU4IAx8tq8?enablejsapi=1&#038;autoplay=0&#038;cc_load_policy=0&#038;iv_load_policy=1&#038;loop=0&#038;modestbranding=0&#038;fs=1&#038;playsinline=0&#038;controls=1&#038;color=red&#038;cc_lang_pref=&#038;rel=1&#038;autohide=2&#038;theme=dark&#038;\" class=\"__youtube_prefs__  epyt-is-override  no-lazyload\" title=\"YouTube player\"  allow=\"accelerometer; autoplay; clipboard-write; encrypted-media; gyroscope; picture-in-picture\" allowfullscreen data-no-lazy=\"1\" data-skipgform_ajax_framebjll=\"\"><\/iframe>\n<\/div><figcaption>Fala galera, nesse Cosmic Nerd vamos analisar minuciosamente o que ocorreria em uma luta entre o lend\u00e1rio ca\u00e7ador de monstro: Ultraman, contra o Rei dos Monstros: Godzilla, ent\u00e3o venham com a gente nessa batalha \u00e9pica e de propor\u00e7\u00f5es colossais literalmente.<br>N\u00e3o se esque\u00e7a de se INSCREVER no canal e ativar o SININHO &#x1f514;!<br>&#x1f914; Narra\u00e7\u00e3o: Thiago<br>&#x1f60e; Edi\u00e7\u00e3o: Rodrigo Ansem<br>&#x1f4cc; N\u00e3o deixem de conferir o curso Cineasta Indie: Produza agora um longa profissional, sem gastar praticamente nada! <a rel=\"noreferrer noopener\" href=\"https:\/\/www.youtube.com\/redirect?event=video_description&amp;redir_token=QUFFLUhqbVJ3VTRNRVMtZ01BWnIxNWd4cHRaMkJjV0p3Z3xBQ3Jtc0tsNVZvSW1EWDA0VVl3cHAya3NYNUlIY3Q3R3I2M2NCNExSUFZQM0JqY2NwWVlNcmNWZDlxZmNaUnVrQW9vdENjdWNMdk9IYnlSaFRMZ1hpOHRDLVp1Vm9uNDhLaDVaZ05XVko2WnFCRTl0RGtGanE4cw&amp;q=https%3A%2F%2Fgo.hotmart.com%2FT67187399R%3Fdp%3D1&amp;v=zAU4IAx8tq8\" target=\"_blank\">https:\/\/go.hotmart.com\/T67187399R?dp=1<\/a><br>&#x1f4cc; N\u00e3o deixem de conferir o Curso de Desenho M\u00e9todo Fanart 3.0: Descubra finalmente o m\u00e9todo para aprender a desenhar seus personagens favoritos. <a rel=\"noreferrer noopener\" href=\"https:\/\/www.youtube.com\/redirect?event=video_description&amp;redir_token=QUFFLUhqbjRiMEZVN0dvYjhQNVRaNmNzWWxET3Zta3B4Z3xBQ3Jtc0tucVBacUhHT1dmM0lsQ0ZlUXc0ZDNSOEZSX090QWFTNTBHd00tdjZTSkVicmMwTUNSWUY1VEQ4ekpYeGxqU0pKd2NwWHpqNUt6Z3VRcFN6dS1rcmhqdmpyQ2lxRTRITW5TVVROSVdNTjVZXzdTNGhiZw&amp;q=https%3A%2F%2Fgo.hotmart.com%2FQ67253787U%3Fap%3Dd879&amp;v=zAU4IAx8tq8\" target=\"_blank\">https:\/\/go.hotmart.com\/Q67253787U?ap=&#8230;<\/a><br>&#x1f4cc; N\u00e3o deixem de conferir o Projeto Falar Ingl\u00eas: Voc\u00ea pode ser mais um a alcan\u00e7ar a flu\u00eancia. <a rel=\"noreferrer noopener\" href=\"https:\/\/www.youtube.com\/redirect?event=video_description&amp;redir_token=QUFFLUhqblZwV3lNeFlKSTRVQVEzWGFWQmkzbElaUjRzUXxBQ3Jtc0trbzhZLXg5V0lBQ3pLWDFFajZ4WlN3T1MyU3JOMTFfWnlER2VXaV9aVUYtMHhFaU8yUUItQVpjOE9XWGhfNmItMVNVOXo0RXZYblFFX3NuWnZaUWdZU1hZRnhfVzlkUlJhTl9jcHhMNUdISWVxQU5JOA&amp;q=https%3A%2F%2Fgo.hotmart.com%2FP67690574U%3Fdp%3D1&amp;v=zAU4IAx8tq8\" target=\"_blank\">https:\/\/go.hotmart.com\/P67690574U?dp=1<\/a><br>&#x2757; Todas as imagens e v\u00eddeos de filmes, s\u00e9ries e etc s\u00e3o marcas registradas dos seus respectivos propriet\u00e1rios.<\/figcaption><\/figure>\n\n\n\n<figure class=\"wp-block-embed is-type-video is-provider-youtube wp-block-embed-youtube wp-embed-aspect-16-9 wp-has-aspect-ratio\"><div class=\"wp-block-embed__wrapper\">\n<iframe loading=\"lazy\"  id=\"_ytid_87908\"  width=\"800\" height=\"450\"  data-origwidth=\"800\" data-origheight=\"450\" src=\"https:\/\/www.youtube.com\/embed\/dAeDHr_kPFA?enablejsapi=1&#038;autoplay=0&#038;cc_load_policy=0&#038;iv_load_policy=1&#038;loop=0&#038;modestbranding=0&#038;fs=1&#038;playsinline=0&#038;controls=1&#038;color=red&#038;cc_lang_pref=&#038;rel=1&#038;autohide=2&#038;theme=dark&#038;\" class=\"__youtube_prefs__  epyt-is-override  no-lazyload\" title=\"YouTube player\"  allow=\"accelerometer; autoplay; clipboard-write; encrypted-media; gyroscope; picture-in-picture\" allowfullscreen data-no-lazy=\"1\" data-skipgform_ajax_framebjll=\"\"><\/iframe>\n<\/div><figcaption>Fala galera, nesse Cosmic Nerd, tem estreia de quadro novo o Verdade ou Mito, nele vamos analisar os feitos do Ikki de F\u00eanix contra v\u00e1rios personagens da franquia Cavaleiros do Zod\u00edaco, afim de descobrir se \u00e9 Verdade ou o Mito que Ikki superou o poder dos Cavaleiros de Ouro.<br>N\u00e3o se esque\u00e7a de se INSCREVER no canal e ativar o SININHO &#x1f514;!<br>&#x1f914; Narra\u00e7\u00e3o: Thiago<br>&#x1f60e; Edi\u00e7\u00e3o: Rodrigo Ansem<br>N\u00e3o se esque\u00e7a de se INSCREVER no canal e ativar o SININHO &#x1f514;!<br>&#x1f4cc; N\u00e3o deixem de conferir o curso Cineasta Indie: Produza agora um longa profissional, sem gastar praticamente nada! <a rel=\"noreferrer noopener\" href=\"https:\/\/www.youtube.com\/redirect?event=video_description&amp;redir_token=QUFFLUhqbWk1Ql9ZMVNraC14cDNULVRHQ01qTWlVRnptUXxBQ3Jtc0tuRTljXzEzY2U0c1lURUxIVGlwdl8zM3NCY2VJbWRpdmszX0xOQmlDZUJNMlBQQWRfeUtKT01jcm9YdlZ5d1ZNNFU2V1NHbjNXX2xWMmtfVG52YTRibTU2TWVBZkFvUGpZQmVNYjFJWWxLcW9BeV80NA&amp;q=https%3A%2F%2Fgo.hotmart.com%2FT67187399R%3Fdp%3D1&amp;v=dAeDHr_kPFA\" target=\"_blank\">https:\/\/go.hotmart.com\/T67187399R?dp=1<\/a><br>&#x1f4cc; N\u00e3o deixem de conferir o Curso de Desenho M\u00e9todo Fanart 3.0: Descubra finalmente o m\u00e9todo para aprender a desenhar seus personagens favoritos. <a rel=\"noreferrer noopener\" href=\"https:\/\/www.youtube.com\/redirect?event=video_description&amp;redir_token=QUFFLUhqbmVaNkZ2MGYxU0hFR2NvRDJqOFBKaGRvUVBmQXxBQ3Jtc0tsWWNRaEhMOWZwQVdmWkFrYjdUV1ZTaXFZM3BOOXFaMV9CeUpmUUlteGRHNXFwSGVwQUlCanpQTEkyMXZRaXZGUEVQUTIxSHBHSWY1eUlQVzRyNXFCUGFadkZSS2JJOGw0b3BMcG5xU2RaQjI2RkRuNA&amp;q=https%3A%2F%2Fgo.hotmart.com%2FQ67253787U%3Fap%3Dd879&amp;v=dAeDHr_kPFA\" target=\"_blank\">https:\/\/go.hotmart.com\/Q67253787U?ap=&#8230;<\/a><br>&#x1f4cc; N\u00e3o deixem de conferir o Projeto Falar Ingl\u00eas: Voc\u00ea pode ser mais um a alcan\u00e7ar a flu\u00eancia. <a rel=\"noreferrer noopener\" href=\"https:\/\/www.youtube.com\/redirect?event=video_description&amp;redir_token=QUFFLUhqbTBMdUxsSEVEOWFMQXJnck9DQXJFY0MydEJzd3xBQ3Jtc0tsYndxUEUtYk5PSmFkMFZBN0xIeXBENXZkTlotdlh2VzdYRVhlNjg1WXBzd3ZfVUs3cHNHbWpFaVNyelNlMmNPUVByWVNtMmRqUG1aMHVGbzVpX3hobnBSblVNNWJGQU1QMlFDeGNQN1RGam1FRm1pOA&amp;q=https%3A%2F%2Fgo.hotmart.com%2FP67690574U%3Fdp%3D1&amp;v=dAeDHr_kPFA\" target=\"_blank\">https:\/\/go.hotmart.com\/P67690574U?dp=1<\/a><br>&#x2757; Todas as imagens e v\u00eddeos de filmes, s\u00e9ries e etc s\u00e3o marcas registradas dos seus respectivos propriet\u00e1rios.<\/figcaption><\/figure>\n\n\n<iframe loading=\"lazy\"  id=\"_ytid_63357\"  width=\"800\" height=\"450\"  data-origwidth=\"800\" data-origheight=\"450\" src=\"https:\/\/www.youtube.com\/embed\/y0m7E5cWLkE?enablejsapi=1&#038;autoplay=0&#038;cc_load_policy=0&#038;iv_load_policy=1&#038;loop=0&#038;modestbranding=0&#038;fs=1&#038;playsinline=0&#038;controls=1&#038;color=red&#038;cc_lang_pref=&#038;rel=1&#038;autohide=2&#038;theme=dark&#038;\" class=\"__youtube_prefs__  no-lazyload\" title=\"YouTube player\"  allow=\"accelerometer; autoplay; clipboard-write; encrypted-media; gyroscope; picture-in-picture\" allowfullscreen data-no-lazy=\"1\" data-skipgform_ajax_framebjll=\"\"><\/iframe>\n\n\n<p>Para ver outros videos do canal <strong>Cosmic Nerd<\/strong> acesse: <a rel=\"noreferrer noopener\" href=\"https:\/\/www.youtube.com\/channel\/UCr-TljjytRM8Ol-5GgJ_UJw\" target=\"_blank\">https:\/\/www.youtube.com\/channel\/UCr-TljjytRM8Ol-5GgJ_UJw<\/a><br>Se quiser ver lives de <strong>gameplays<\/strong> ou assunsto relacionados a <strong>RPG de mesa<\/strong>, acesse: <a rel=\"noreferrer noopener\" href=\"https:\/\/www.twitch.tv\/rodrigo1ansem\" target=\"_blank\">https:\/\/www.twitch.tv\/rodrigo1ansem<\/a><\/p>\n","protected":false},"excerpt":{"rendered":"<p>Veja tamb\u00e9m conte\u00fado criado relacionado: Onde o canal Cosmic Nerd (Thiago e Rodrigo) produz v\u00e1rios conte\u00fados sobre a cultura pop e entretenimento Geek, Nerd, Otaku semanalmente, al\u00e9m do Rodrigo produzir lives sobre games e RPG na Twitch. Para ver outros videos do canal Cosmic Nerd acesse: https:\/\/www.youtube.com\/channel\/UCr-TljjytRM8Ol-5GgJ_UJwSe quiser ver lives de gameplays ou assunsto relacionados [&hellip;]<\/p>\n","protected":false},"author":1,"featured_media":0,"parent":0,"menu_order":0,"comment_status":"closed","ping_status":"closed","template":"","meta":[],"_links":{"self":[{"href":"https:\/\/abccomics.com.br\/index.php?rest_route=\/wp\/v2\/pages\/56"}],"collection":[{"href":"https:\/\/abccomics.com.br\/index.php?rest_route=\/wp\/v2\/pages"}],"about":[{"href":"https:\/\/abccomics.com.br\/index.php?rest_route=\/wp\/v2\/types\/page"}],"author":[{"embeddable":true,"href":"https:\/\/abccomics.com.br\/index.php?rest_route=\/wp\/v2\/users\/1"}],"replies":[{"embeddable":true,"href":"https:\/\/abccomics.com.br\/index.php?rest_route=%2Fwp%2Fv2%2Fcomments&post=56"}],"version-history":[{"count":6,"href":"https:\/\/abccomics.com.br\/index.php?rest_route=\/wp\/v2\/pages\/56\/revisions"}],"predecessor-version":[{"id":100,"href":"https:\/\/abccomics.com.br\/index.php?rest_route=\/wp\/v2\/pages\/56\/revisions\/100"}],"wp:attachment":[{"href":"https:\/\/abccomics.com.br\/index.php?rest_route=%2Fwp%2Fv2%2Fmedia&parent=56"}],"curies":[{"name":"wp","href":"https:\/\/api.w.org\/{rel}","templated":true}]}}